{"id":11,"date":"2022-06-07T15:59:49","date_gmt":"2022-06-07T15:59:49","guid":{"rendered":"https:\/\/distriagrossas.com\/?page_id=11"},"modified":"2022-06-07T16:54:36","modified_gmt":"2022-06-07T16:54:36","slug":"inicio","status":"publish","type":"page","link":"https:\/\/distriagrossas.com\/","title":{"rendered":"Inicio"},"content":{"rendered":"<p>[et_pb_section fb_built=&#8221;1&#8243; admin_label=&#8221;section&#8221; _builder_version=&#8221;3.22&#8243; global_colors_info=&#8221;{}&#8221;][et_pb_row admin_label=&#8221;row&#8221; _builder_version=&#8221;3.25&#8243; background_size=&#8221;initial&#8221; background_position=&#8221;top_left&#8221; background_repeat=&#8221;repeat&#8221; global_colors_info=&#8221;{}&#8221;][et_pb_column type=&#8221;4_4&#8243; _builder_version=&#8221;3.25&#8243; custom_padding=&#8221;|||&#8221; global_colors_info=&#8221;{}&#8221; custom_padding__hover=&#8221;|||&#8221;][et_pb_text _builder_version=&#8221;4.10.1&#8243; _module_preset=&#8221;default&#8221; text_font_size=&#8221;25px&#8221; text_line_height=&#8221;1em&#8221; global_colors_info=&#8221;{}&#8221;]<\/p>\n<p style=\"text-align: center;\"><strong>DISTRIAGROS SAS<\/strong><\/p>\n<p style=\"text-align: center;\">Soluciones para el campo<\/p>\n<p>[\/et_pb_text][\/et_pb_column][\/et_pb_row][et_pb_row _builder_version=&#8221;4.10.1&#8243; _module_preset=&#8221;default&#8221; global_colors_info=&#8221;{}&#8221;][et_pb_column type=&#8221;4_4&#8243; _builder_version=&#8221;4.10.1&#8243; _module_preset=&#8221;default&#8221; global_colors_info=&#8221;{}&#8221;][et_pb_text _builder_version=&#8221;4.10.1&#8243; _module_preset=&#8221;default&#8221; global_colors_info=&#8221;{}&#8221;]<\/p>\n<p><span>Distriagros S.A.S. Nit: 901062604-2, esta para servirte y acompa\u00f1arte en el manejo agr\u00edcola y pecuario. Con nuestros colaboradores capacitados para atenderte, brindaremos soluciones oportunas y una excelente atenci\u00f3n en todo lo referente al comercio al por mayor de productos qu\u00edmicos b\u00e1sicos,\u00a0 cauchos y pl\u00e1sticos en formas primarias y productos qu\u00edmicos de uso agropecuario. Nuestras sedes est\u00e1n ubicadas en Paipa, Tuta, Chiquinquir\u00e1 y Sogamoso.<\/span><\/p>\n<p>[\/et_pb_text][\/et_pb_column][\/et_pb_row][et_pb_row _builder_version=&#8221;4.10.1&#8243; _module_preset=&#8221;default&#8221; hover_enabled=&#8221;0&#8243; sticky_enabled=&#8221;0&#8243;][et_pb_column _builder_version=&#8221;4.10.1&#8243; _module_preset=&#8221;default&#8221; type=&#8221;4_4&#8243;][et_pb_gallery _builder_version=&#8221;4.10.1&#8243; _module_preset=&#8221;default&#8221; gallery_ids=&#8221;17,18,19,21&#8243; show_title_and_caption=&#8221;off&#8221; hover_enabled=&#8221;0&#8243; sticky_enabled=&#8221;0&#8243;][\/et_pb_gallery][\/et_pb_column][\/et_pb_row][\/et_pb_section]<\/p>\n","protected":false},"excerpt":{"rendered":"<p>DISTRIAGROS SAS Soluciones para el campoDistriagros S.A.S. Nit: 901062604-2, esta para servirte y acompa\u00f1arte en el manejo agr\u00edcola y pecuario. Con nuestros colaboradores capacitados para atenderte, brindaremos soluciones oportunas y una excelente atenci\u00f3n en todo lo referente al comercio al por mayor de productos qu\u00edmicos b\u00e1sicos,\u00a0 cauchos y pl\u00e1sticos en formas primarias y productos qu\u00edmicos [&hellip;]<\/p>\n","protected":false},"author":1,"featured_media":0,"parent":0,"menu_order":0,"comment_status":"closed","ping_status":"closed","template":"","meta":{"_et_pb_use_builder":"on","_et_pb_old_content":"","_et_gb_content_width":"","om_disable_all_campaigns":false,"_monsterinsights_skip_tracking":false,"_monsterinsights_sitenote_active":false,"_monsterinsights_sitenote_note":"","_monsterinsights_sitenote_category":0},"_links":{"self":[{"href":"https:\/\/distriagrossas.com\/index.php\/wp-json\/wp\/v2\/pages\/11"}],"collection":[{"href":"https:\/\/distriagrossas.com\/index.php\/wp-json\/wp\/v2\/pages"}],"about":[{"href":"https:\/\/distriagrossas.com\/index.php\/wp-json\/wp\/v2\/types\/page"}],"author":[{"embeddable":true,"href":"https:\/\/distriagrossas.com\/index.php\/wp-json\/wp\/v2\/users\/1"}],"replies":[{"embeddable":true,"href":"https:\/\/distriagrossas.com\/index.php\/wp-json\/wp\/v2\/comments?post=11"}],"version-history":[{"count":4,"href":"https:\/\/distriagrossas.com\/index.php\/wp-json\/wp\/v2\/pages\/11\/revisions"}],"predecessor-version":[{"id":22,"href":"https:\/\/distriagrossas.com\/index.php\/wp-json\/wp\/v2\/pages\/11\/revisions\/22"}],"wp:attachment":[{"href":"https:\/\/distriagrossas.com\/index.php\/wp-json\/wp\/v2\/media?parent=11"}],"curies":[{"name":"wp","href":"https:\/\/api.w.org\/{rel}","templated":true}]}}